{"id":938,"date":"2022-01-11T17:37:46","date_gmt":"2022-01-11T17:37:46","guid":{"rendered":"https:\/\/nos-net.de\/WordPress_01\/?page_id=938"},"modified":"2022-01-11T17:37:46","modified_gmt":"2022-01-11T17:37:46","slug":"klarpris-tools","status":"publish","type":"page","link":"https:\/\/nos-net.de\/WordPress_01\/klarpris-tools\/","title":{"rendered":"KlarPris-Tools"},"content":{"rendered":"\n<h2 class=\"has-text-align-center has-white-color has-text-color has-background\" style=\"background-color:#2f83ff\">Willkommen zu den KlarPris-Tools!<\/h2>\n\n\n\n<div class=\"is-layout-flex wp-container-2 wp-block-columns\">\n<div class=\"is-layout-flow wp-block-column\">\n<p>Die KlarPris-Tools bieten eine Reihe von Erweiterungen, die zus\u00e4tzlich neben den Funktionen von KlarPris.de angeboten werden.<\/p>\n<\/div>\n<\/div>\n\n\n\n<div class=\"is-layout-flex wp-container-6 wp-block-columns\">\n<div class=\"is-layout-flow wp-block-column\">\n<p class=\"has-text-align-center bg-primary text-white\">Preispr\u00fcfung<\/p>\n\n\n\n<figure class=\"wp-block-image size-large is-resized text-center\"><img decoding=\"async\" loading=\"lazy\" src=\"https:\/\/nos-net.de\/WordPress_01\/wp-content\/uploads\/2022\/01\/preis-pruefung.jpeg\" alt=\"\" class=\"wp-image-977\" width=\"210\" height=\"140\"\/><\/figure>\n<\/div>\n\n\n\n<div class=\"is-layout-flow wp-block-column\">\n<p class=\"has-text-align-center bg-primary text-white\">UGL &#8211; Preisspiegel<\/p>\n\n\n\n<figure class=\"wp-block-image size-full text-center\"><img decoding=\"async\" src=\"https:\/\/nos-net.de\/WordPress_01\/wp-content\/uploads\/2022\/01\/preisspiegel.png\" alt=\"\" class=\"wp-image-975\"\/><\/figure>\n<\/div>\n\n\n\n<div class=\"is-layout-flow wp-block-column\">\n<p class=\"has-text-align-center bg-primary text-white\">Powered by KlarPris.de<\/p>\n\n\n\n<figure class=\"wp-block-image size-large text-center img-thumbnail\"><img decoding=\"async\" src=\"https:\/\/app.klarpris.de\/Images\/logo.png?v=2%3E\" alt=\"\"\/><\/figure>\n<\/div>\n<\/div>\n\n\n\n<div class=\"is-layout-flex wp-container-10 wp-block-columns\">\n<div class=\"is-layout-flow wp-block-column\">\n<p>Die <strong>Preisvereinbarungen<\/strong> mit Ihren Gro\u00dfh\u00e4ndlern sollten mit den Preisen auf Ihren Rechnungen\/Angeboten eigentlich \u00fcbereinstimmen.<\/p>\n\n\n\n<p>Leider kommt es immer wieder zu <strong>Abweichungen<\/strong>, die mit den Gro\u00dfh\u00e4ndlern gekl\u00e4rt werden m\u00fcssen.<\/p>\n\n\n\n<p>Dieses Tool \u00fcberpr\u00fcft UGL-Dateien mit Ihren individuellen Preisvereinbarungen und stellt zus\u00e4tzlich <strong>Vergleiche<\/strong> zu weiteren Gro\u00dfh\u00e4ndlern an.<\/p>\n<\/div>\n\n\n\n<div class=\"is-layout-flow wp-block-column\">\n<p>Bei Projekten werden oft Angebote mehrerer Gro\u00dfh\u00e4ndler angefordert, um diese hinsichtlich <strong>Preisoptimierung<\/strong> zu vergleichen.<\/p>\n\n\n\n<p>Oft stimmen die <strong>Positionsnummern<\/strong> der jeweiligen Angebote nicht \u00fcberein, so dass ein Vergleich in der Handwerkersoftware nur schwer m\u00f6glich ist.<\/p>\n\n\n\n<p>Dieser Preisvergleich vergleicht nicht auf Positions- sondern auf der <strong>Materialebene<\/strong> und erlaubt einen \u201eechten\u201c Preisvergleich.<\/p>\n<\/div>\n\n\n\n<div class=\"is-layout-flow wp-block-column\">\n<p>Die hier bereitgestellten Funktionen verwenden die Such- und Vergleichsm\u00f6glichkeiten von <strong>KlarPris.de<\/strong>.<\/p>\n\n\n\n<p>KlarPris.de ist eine Internet-Plattform, die verschiedene Lieferanten im Bereich SHK-\/Elektro Grosshandel miteinander <strong>vergleicht<\/strong>.<\/p>\n\n\n\n<p>Die hier bereitgestellten Funktionen setzen ein bestehendes <strong>Kunden-Konto<\/strong> bei KlarPris voraus.<\/p>\n\n\n\n<p>Sie sind noch nicht Kunde bei KlarPris.de?<\/p>\n\n\n\n<p><a href=\"https:\/\/api.klarpris.de\/login\/signup?source=nos\" target=\"_blank\" rel=\"noreferrer noopener\">Hier registrieren&#8230;<\/a><\/p>\n<\/div>\n<\/div>\n\n\n\n<div class=\"is-layout-flex wp-container-14 wp-block-columns\">\n<div class=\"is-layout-flow wp-block-column\">\n<h5>Eigenschaften<\/h5>\n\n\n\n<ul class=\"container\"><li>Farbliche Darstellung der Abweichung<\/li><li>div. Filter-Funktion<\/li><li>Summe der Abweichungen (falls vorhanden)<\/li><\/ul>\n<\/div>\n\n\n\n<div class=\"is-layout-flow wp-block-column\">\n<h5>EIGENSCHAFTEN<\/h5>\n\n\n\n<ul class=\"container\"><li>Farbliche Kennzeichnung von Preis-Unterschieden <\/li><li>Ausblenden nicht vergleichbarer Positionen<\/li><li>Kennzeichnung der Positionsnummern<\/li><li>Farbliche Darstellung der Preis-Unterschiede<\/li><\/ul>\n<\/div>\n\n\n\n<div class=\"is-layout-flow wp-block-column\">\n<h5>EIGENSCHAFTEN<\/h5>\n\n\n\n<ul class=\"container\"><li>Zentrale Materialsuche<\/li><li>autom. Nettopreispflege<\/li><li>Nettopreisvergleich<\/li><\/ul>\n<\/div>\n<\/div>\n\n\n\n<div class=\"is-layout-flow wp-block-group\"><div class=\"wp-block-group__inner-container\">\n<div class=\"is-layout-flow wp-block-group\"><div class=\"wp-block-group__inner-container\">\n<div class=\"is-layout-flow wp-block-group\"><div class=\"wp-block-group__inner-container\">\n<div class=\"is-layout-flex wp-container-18 wp-block-columns\">\n<div class=\"is-layout-flow wp-block-column\">\n<h5>Einsatzfelder<\/h5>\n\n\n\n<ul class=\"container\"><li>Angebotspr\u00fcfung<\/li><li>Rechnungspr\u00fcfung<\/li><li>Preisverhandlungen<\/li><\/ul>\n<\/div>\n\n\n\n<div class=\"is-layout-flow wp-block-column\">\n<h5>Einsatzfelder<\/h5>\n\n\n\n<ul class=\"container\"><li>Projektplanung<\/li><li>Angebotspr\u00fcfung<\/li><li>Jahrespreisverhandlungen<\/li><\/ul>\n<\/div>\n\n\n\n<div class=\"is-layout-flow wp-block-column\">\n<h5>EINSATZFELDER<\/h5>\n\n\n\n<ul class=\"container\"><li>Materialsuche <\/li><li>Bestellwesen<\/li><li>Best-Preis Ermittlung<\/li><\/ul>\n<\/div>\n<\/div>\n<\/div><\/div>\n<\/div><\/div>\n<\/div><\/div>\n\n\n\n<div class=\"is-layout-flex wp-container-25 wp-block-columns\">\n<div class=\"is-layout-flow wp-block-column\">\n<center><a class=\"btn btn-success\" href=\"https:\/\/www.nos-net.de\/klarpristools\/ugl\/\" target=\"_blank\" rel=\"noopener\">Zur Preispr\u00fcfung<\/a><\/center>\n<\/div>\n\n\n\n<div class=\"is-layout-flow wp-block-column\">\n<center><a class=\"btn btn-success\" href=\"https:\/\/www.nos-net.de\/klarpristools\/compare-ugl\/\" target=\"_blank\" rel=\"noopener\">Zum UGL-Preisspiegel<\/a><\/center>\n<\/div>\n\n\n\n<div class=\"is-layout-flow wp-block-column\">\n<center><a class=\"btn btn-success\" href=\"https:\/\/api.klarpris.de\/login\/signup?source=nos\" target=\"_blank\" rel=\"noopener\">Zur Registrierung<\/a><\/center>\n<\/div>\n<\/div>\n\n\n\n<div class=\"is-layout-flex wp-container-27 wp-block-columns\">\n<div class=\"is-layout-flow wp-block-column\"><\/div>\n<\/div>\n\n\n\n<p><\/p>\n","protected":false},"excerpt":{"rendered":"<p>Willkommen zu den KlarPris-Tools! Die KlarPris-Tools bieten eine Reihe von Erweiterungen, die zus\u00e4tzlich neben den Funktionen von KlarPris.de angeboten werden. Preispr\u00fcfung UGL &#8211; Preisspiegel Powered by KlarPris.de Die Preisvereinbarungen mit Ihren Gro\u00dfh\u00e4ndlern sollten mit den Preisen auf Ihren Rechnungen\/Angeboten eigentlich \u00fcbereinstimmen. Leider kommt es immer wieder zu Abweichungen, die mit den Gro\u00dfh\u00e4ndlern gekl\u00e4rt werden m\u00fcssen. &hellip; <\/p>\n<p class=\"link-more\"><a href=\"https:\/\/nos-net.de\/WordPress_01\/klarpris-tools\/\" class=\"more-link\"><span class=\"screen-reader-text\">\u201eKlarPris-Tools\u201c<\/span> weiterlesen<\/a><\/p>\n","protected":false},"author":1,"featured_media":0,"parent":0,"menu_order":0,"comment_status":"closed","ping_status":"closed","template":"","meta":[],"_links":{"self":[{"href":"https:\/\/nos-net.de\/WordPress_01\/wp-json\/wp\/v2\/pages\/938"}],"collection":[{"href":"https:\/\/nos-net.de\/WordPress_01\/wp-json\/wp\/v2\/pages"}],"about":[{"href":"https:\/\/nos-net.de\/WordPress_01\/wp-json\/wp\/v2\/types\/page"}],"author":[{"embeddable":true,"href":"https:\/\/nos-net.de\/WordPress_01\/wp-json\/wp\/v2\/users\/1"}],"replies":[{"embeddable":true,"href":"https:\/\/nos-net.de\/WordPress_01\/wp-json\/wp\/v2\/comments?post=938"}],"version-history":[{"count":71,"href":"https:\/\/nos-net.de\/WordPress_01\/wp-json\/wp\/v2\/pages\/938\/revisions"}],"predecessor-version":[{"id":1012,"href":"https:\/\/nos-net.de\/WordPress_01\/wp-json\/wp\/v2\/pages\/938\/revisions\/1012"}],"wp:attachment":[{"href":"https:\/\/nos-net.de\/WordPress_01\/wp-json\/wp\/v2\/media?parent=938"}],"curies":[{"name":"wp","href":"https:\/\/api.w.org\/{rel}","templated":true}]}}