{"id":565,"date":"2020-09-11T16:01:42","date_gmt":"2020-09-11T16:01:42","guid":{"rendered":"https:\/\/nos-net.de\/WordPress_01\/?page_id=565"},"modified":"2020-09-11T16:19:54","modified_gmt":"2020-09-11T16:19:54","slug":"nos-lagerfuchs-qr-anmeldung","status":"publish","type":"page","link":"https:\/\/nos-net.de\/WordPress_01\/nos-lagerfuchs-qr-anmeldung\/","title":{"rendered":"NOS-Lagerfuchs \/ QR-Anmeldung"},"content":{"rendered":"\n<style>\n.aufzaehlung {\npadding-left: 15px;\npadding-top: 5px;\n}\n.headline {\n-webkit-tap-highlight-color: rgba(0,0,0,0);\nbox-sizing: border-box;\nfont-family: inherit;\nfont-weight: 500;\nfont-size: 20px;\ntext-align: center;\nbackground-color: #2f83ff;\ncolor: white;\npadding: 5px;\n}\n.screenshot {\n-webkit-tap-highlight-color: rgba(0,0,0,0);\nfont-family: \"Helvetica Neue\",Helvetica,Arial,sans-serif;\nfont-size: 14px;\nline-height: 1.42857143;\ncolor: #333;\nbox-sizing: border-box;\nvertical-align: middle;\nmax-width: 100%;\nborder: 1px solid black;\nbox-shadow: 5px 5px 5px grey;\n}\n.wrap {\npadding: 5px;\nfont-size: 14px;\n}\n\n#primary {\nall: unset;\n}\n<\/style>\n\n\n\n<div style=\"background-color: #2f83ff; color: white; text-align: center; padding: 25px;\">\n<h1>Schnelle Anmeldung mit QR-Code<\/h1>\nInnerhalb der Smartphone-App QR Code &amp; Barcode Scanner sind Sie in wenigen Schritten startklar.<\/div>\n\n\n\n<p><\/p>\n\n\n\n<div class=\"is-layout-flex wp-container-4 wp-block-columns\">\n<div class=\"is-layout-flow wp-block-column\">\n<h3 class=\"headline\">Einstellungen<\/h3>\n\n\n\n<p>Die folgenden Schritte zeigen Ihnen, wie Sie&nbsp;<strong>QR Code &amp; Barcode Scanner<\/strong>&nbsp;einrichten:<\/p>\n\n\n\n<ol class=\"aufzaehlung\"><li><strong>Einstellungen \u00f6ffnen<\/strong><br><img decoding=\"async\" src=\"https:\/\/www.nos-net.de\/klarpristools\/images\/qrbot_setup_lafu_0.png\"><\/li><li><strong>Suchoptionen \u00f6ffnen<\/strong><br><img decoding=\"async\" src=\"https:\/\/www.nos-net.de\/klarpristools\/images\/qrbot_setup_lafu_searchoptions.png\"><\/li><li><strong>Vorhandene Eintr\u00e4ge deaktivieren<\/strong><br>Google, Ebay, Amazon&#8230;deaktivieren<br><img decoding=\"async\" src=\"https:\/\/www.nos-net.de\/klarpristools\/images\/qrbot_setup_lafu_googledeaktivieren.png\"><\/li><li><strong>Neue Suchoption anlegen<\/strong><br><img decoding=\"async\" src=\"https:\/\/www.nos-net.de\/klarpristools\/images\/qrbot_setup_createdsearchoption.png\"><\/li><li><strong>Titel festlegen<\/strong><br><img decoding=\"async\" src=\"https:\/\/www.nos-net.de\/klarpristools\/images\/qrbot_setup_lafu_set_title.png\"><\/li><li><strong>Web-Adresse entragen<\/strong><br><img decoding=\"async\" src=\"https:\/\/www.nos-net.de\/klarpristools\/images\/qrbot_setup_lafu_set_url.png\"><\/li><li><strong>Aktivieren &amp; Sichern<\/strong><br><img decoding=\"async\" src=\"https:\/\/www.nos-net.de\/klarpristools\/images\/qrbot_setup_lafu_activate.png\"><\/li><\/ol>\n\n\n\n<p><strong>Geschafft!<\/strong><\/p>\n\n\n\n<p>Wenn Sie nun einen Barcode oder QR-Code Scannen, werden Sie direkt zum&nbsp;<strong>NOS-Lagerfuchs VO<\/strong>&nbsp;weitergeleitet.<\/p>\n<\/div>\n\n\n\n<div class=\"is-layout-flow wp-block-column\">\n<h3 class=\"headline\">Fertige Konfiguration<\/h3>\n\n\n\n<figure class=\"wp-block-image size-large screenshot\"><img decoding=\"async\" src=\"https:\/\/www.nos-net.de\/klarpristools\/images\/qrbot_setup_lafu_2.png\" alt=\"\"\/><\/figure>\n<\/div>\n\n\n\n<div class=\"is-layout-flow wp-block-column\">\n<h3 class=\"headline\">Suchoption (\u00dcbersicht)<\/h3>\n\n\n\n<figure class=\"wp-block-image size-large screenshot\"><img decoding=\"async\" src=\"https:\/\/www.nos-net.de\/klarpristools\/images\/qrbot_setup_lafu_3.png\" alt=\"\"\/><\/figure>\n<\/div>\n<\/div>\n","protected":false},"excerpt":{"rendered":"<p>Schnelle Anmeldung mit QR-Code Innerhalb der Smartphone-App QR Code &amp; Barcode Scanner sind Sie in wenigen Schritten startklar. Einstellungen Die folgenden Schritte zeigen Ihnen, wie Sie&nbsp;QR Code &amp; Barcode Scanner&nbsp;einrichten: Einstellungen \u00f6ffnen Suchoptionen \u00f6ffnen Vorhandene Eintr\u00e4ge deaktivierenGoogle, Ebay, Amazon&#8230;deaktivieren Neue Suchoption anlegen Titel festlegen Web-Adresse entragen Aktivieren &amp; Sichern Geschafft! Wenn Sie nun einen Barcode &hellip; <\/p>\n<p class=\"link-more\"><a href=\"https:\/\/nos-net.de\/WordPress_01\/nos-lagerfuchs-qr-anmeldung\/\" class=\"more-link\"><span class=\"screen-reader-text\">\u201eNOS-Lagerfuchs \/ QR-Anmeldung\u201c<\/span> weiterlesen<\/a><\/p>\n","protected":false},"author":1,"featured_media":0,"parent":0,"menu_order":0,"comment_status":"closed","ping_status":"closed","template":"","meta":[],"_links":{"self":[{"href":"https:\/\/nos-net.de\/WordPress_01\/wp-json\/wp\/v2\/pages\/565"}],"collection":[{"href":"https:\/\/nos-net.de\/WordPress_01\/wp-json\/wp\/v2\/pages"}],"about":[{"href":"https:\/\/nos-net.de\/WordPress_01\/wp-json\/wp\/v2\/types\/page"}],"author":[{"embeddable":true,"href":"https:\/\/nos-net.de\/WordPress_01\/wp-json\/wp\/v2\/users\/1"}],"replies":[{"embeddable":true,"href":"https:\/\/nos-net.de\/WordPress_01\/wp-json\/wp\/v2\/comments?post=565"}],"version-history":[{"count":8,"href":"https:\/\/nos-net.de\/WordPress_01\/wp-json\/wp\/v2\/pages\/565\/revisions"}],"predecessor-version":[{"id":578,"href":"https:\/\/nos-net.de\/WordPress_01\/wp-json\/wp\/v2\/pages\/565\/revisions\/578"}],"wp:attachment":[{"href":"https:\/\/nos-net.de\/WordPress_01\/wp-json\/wp\/v2\/media?parent=565"}],"curies":[{"name":"wp","href":"https:\/\/api.w.org\/{rel}","templated":true}]}}