{"id":245,"date":"2019-03-28T18:46:46","date_gmt":"2019-03-28T18:46:46","guid":{"rendered":"https:\/\/nos-net.de\/WordPress_01\/?page_id=245"},"modified":"2024-01-17T15:35:39","modified_gmt":"2024-01-17T15:35:39","slug":"klarpris-gmbh","status":"publish","type":"page","link":"https:\/\/nos-net.de\/WordPress_01\/klarpris-gmbh\/","title":{"rendered":"KlarPris GmbH"},"content":{"rendered":"\n<figure class=\"wp-block-image size-large is-resized is-style-default\"><img decoding=\"async\" loading=\"lazy\" src=\"https:\/\/nos-net.de\/WordPress_01\/wp-content\/uploads\/2024\/01\/KlarPris_Logo_Default-1024x512.png\" alt=\"\" class=\"wp-image-1083\" width=\"204\" height=\"102\" srcset=\"https:\/\/nos-net.de\/WordPress_01\/wp-content\/uploads\/2024\/01\/KlarPris_Logo_Default-1024x512.png 1024w, https:\/\/nos-net.de\/WordPress_01\/wp-content\/uploads\/2024\/01\/KlarPris_Logo_Default-300x150.png 300w, https:\/\/nos-net.de\/WordPress_01\/wp-content\/uploads\/2024\/01\/KlarPris_Logo_Default-768x384.png 768w, https:\/\/nos-net.de\/WordPress_01\/wp-content\/uploads\/2024\/01\/KlarPris_Logo_Default-1536x768.png 1536w, https:\/\/nos-net.de\/WordPress_01\/wp-content\/uploads\/2024\/01\/KlarPris_Logo_Default.png 1600w\" sizes=\"(max-width: 204px) 100vw, 204px\" \/><\/figure>\n\n\n\n<h4>Beschreibung<\/h4>\n\n\n\n<img decoding=\"async\" class=\"LagerLightImage\" src=\"https:\/\/nos-net.de\/WordPress_01\/wp-content\/uploads\/2019\/03\/opl98151-e1553616304406.jpg\"><\/img><p>NOS-Lagerfuchs in Verbindung mit KlarPris ist die umfassende L\u00f6sung f\u00fcr ein <b>freies und unabh\u00e4ngiges Bestellwesen<\/b>!<p>Die NOS-Lagerl\u00f6sung mit KlarPris erm\u00f6glicht hier: \n<ul>\n<li>\nVorhandene <b>Etiketten unabh\u00e4ngig vom Lieferanten<\/b> zu nutzen\n<\/li>\n<li>\nMaterial \u00fcber <b>Direktlieferanten<\/b> (z.B. Buderus \/ Viessmann) beziehen.\n<\/li>\n<li>\nGrunds\u00e4tzlich den <b>idealen Einkaufspreis ermitteln<\/b>\n<\/li>\n<li>\nMaterial von der <b>Original-Verpackungen erfassen<\/b> und \n<\/li>\n<li>\n<b>Bestellen, wo Sie wollen!<\/b>\n<\/li>\n<\/ul><\/p>\n\n\n\n<h4>Eigenschaften<\/h4>\n\n\n\n<ul>\n<li>Bearbeitung von Bestellungen vor der \u00dcbergabe an KlarPris<\/li>\n\n\n\n<li>Anzeige des zu jedem Artikel geh\u00f6renden Kurztextes<\/li>\n\n\n\n<li>\u00c4nderung der Bestellmenge<\/li>\n\n\n\n<li>Manuelles Hinzuf\u00fcgen von weiteren Artikeln <\/li>\n\n\n\n<li>Weiterleitung Ihrer Bestellung von KlarPris an Ihren Wunschlieferanten<\/li>\n<\/ul>\n\n\n\n<h4>Downloads<\/h4>\n\n\n\n<ul>\n<li><a href=\"https:\/\/www.nos-net.de\/images\/KlarPris.msi\">NOS-Lagerfuchs (Software)<\/a><\/li>\n<\/ul>\n\n\n\n<div class=\"wp-block-button\"><a class=\"wp-block-button__link\" href=\"https:\/\/nos-net.de\/WordPress_01\/?page_id=316\">Informationen anfordern<\/a><\/div>\n\n\n\n<h4>Einfache Scanner-Integration mit KlarPris<\/h4>\n\n\n\n<img decoding=\"async\" loading=\"lazy\" class=\"LagerLightImage\" src=\"https:\/\/nos-net.de\/WordPress_01\/wp-content\/uploads\/2019\/03\/208007_g1.jpg\"  width=\"191\" height=\"124\">\n<p>Mit NOS Lager Light Compact lassen sich auf einfache Weise Barcodes als <ul><li>EAN\/GTIN<\/li><li>Werksnummern<\/li><li>Grosshandelsbestellnummern<\/li><\/ul>nach KlarPris \u00fcbergeben. Die \u00dcbertragung kann direkt per USB oder mittels Bluetooth erfolgen so das der Scanner sowohl direkt am PC als auch mit Smartphones genutzt werden kann. <\/p>\n\n\n\n<div class=\"wp-block-button\"><a class=\"wp-block-button__link\" href=\"https:\/\/nos-net.de\/WordPress_01\/?page_id=316\">Informationen anfordern<\/a><\/div>\n","protected":false},"excerpt":{"rendered":"<p>Beschreibung NOS-Lagerfuchs in Verbindung mit KlarPris ist die umfassende L\u00f6sung f\u00fcr ein freies und unabh\u00e4ngiges Bestellwesen! Die NOS-Lagerl\u00f6sung mit KlarPris erm\u00f6glicht hier: Vorhandene Etiketten unabh\u00e4ngig vom Lieferanten zu nutzen Material \u00fcber Direktlieferanten (z.B. Buderus \/ Viessmann) beziehen. Grunds\u00e4tzlich den idealen Einkaufspreis ermitteln Material von der Original-Verpackungen erfassen und Bestellen, wo Sie wollen! Eigenschaften Downloads Einfache &hellip; <\/p>\n<p class=\"link-more\"><a href=\"https:\/\/nos-net.de\/WordPress_01\/klarpris-gmbh\/\" class=\"more-link\"><span class=\"screen-reader-text\">\u201eKlarPris GmbH\u201c<\/span> weiterlesen<\/a><\/p>\n","protected":false},"author":1,"featured_media":0,"parent":0,"menu_order":0,"comment_status":"closed","ping_status":"closed","template":"","meta":[],"_links":{"self":[{"href":"https:\/\/nos-net.de\/WordPress_01\/wp-json\/wp\/v2\/pages\/245"}],"collection":[{"href":"https:\/\/nos-net.de\/WordPress_01\/wp-json\/wp\/v2\/pages"}],"about":[{"href":"https:\/\/nos-net.de\/WordPress_01\/wp-json\/wp\/v2\/types\/page"}],"author":[{"embeddable":true,"href":"https:\/\/nos-net.de\/WordPress_01\/wp-json\/wp\/v2\/users\/1"}],"replies":[{"embeddable":true,"href":"https:\/\/nos-net.de\/WordPress_01\/wp-json\/wp\/v2\/comments?post=245"}],"version-history":[{"count":27,"href":"https:\/\/nos-net.de\/WordPress_01\/wp-json\/wp\/v2\/pages\/245\/revisions"}],"predecessor-version":[{"id":1087,"href":"https:\/\/nos-net.de\/WordPress_01\/wp-json\/wp\/v2\/pages\/245\/revisions\/1087"}],"wp:attachment":[{"href":"https:\/\/nos-net.de\/WordPress_01\/wp-json\/wp\/v2\/media?parent=245"}],"curies":[{"name":"wp","href":"https:\/\/api.w.org\/{rel}","templated":true}]}}