{"id":123,"date":"2019-03-28T10:28:21","date_gmt":"2019-03-28T10:28:21","guid":{"rendered":"https:\/\/nos-net.de\/WordPress_01\/?page_id=123"},"modified":"2020-08-17T09:27:08","modified_gmt":"2020-08-17T09:27:08","slug":"impressum","status":"publish","type":"page","link":"https:\/\/nos-net.de\/WordPress_01\/impressum\/","title":{"rendered":"Impressum"},"content":{"rendered":"\n<h4> Anbieterinformationen <\/h4>\n\n\n\n<figure class=\"wp-block-table\"><table><tbody><tr><td><strong>New Online Systems GmbH<\/strong><br>Koblenzer Str. 59<br>53173 Bonn<br>Deutschland <\/td><td>Tel:<br>Fax:<br>www:<br>Mail:<\/td><td>0228\/ 9 23 90 24<br>0228\/ 9 23 90 28<br><a href=\"http:\/\/www.nos-net.de\/\">www.nos-net.de<\/a><br><a href=\"mailto:info@nos-net.de\">info@nos-net.de<\/a> <\/td><\/tr><\/tbody><\/table><\/figure>\n\n\n\n<h4>Rechtliche Angaben<\/h4>\n\n\n\n<p>Vertretungsberechtigt: Martin Kalbfleisch (<a href=\"mailto:info@nos-net.de\">info(at)nos-net.de<\/a>)<\/p>\n\n\n\n<h4> Technische Angaben <\/h4>\n\n\n\n<p>Technisch Verantwortlicher: Martin Kalbfleisch<\/p>\n\n\n\n<h2 class=\"has-small-font-size\">Umsatzsteuer-ID<\/h2>\n\n\n\n<p class=\"has-small-font-size\">DE 187356670<\/p>\n\n\n\n<h2 class=\"has-small-font-size\">Registergericht<\/h2>\n\n\n\n<p class=\"has-small-font-size\">Amtsgericht Bonn<\/p>\n\n\n\n<h2 class=\"has-small-font-size\">Registernummer<\/h2>\n\n\n\n<p class=\"has-small-font-size\">HRB 7592<\/p>\n\n\n\n<h4> Weitere Informationen <\/h4>\n\n\n\n<ul><li><a href=\"https:\/\/nos-net.de\/WordPress_01\/?page_id=128\">Allgemeine Nutzungsbedingungen f\u00fcr NOS GmbH<\/a><ul><li><a href=\"https:\/\/nos-net.de\/WordPress_01\/?page_id=131\">Erkl\u00e4rung zum Datenschutz f\u00fcr NOS GmbH<\/a><\/li><li><a href=\"https:\/\/nos-net.de\/WordPress_01\/?page_id=134\">Haftungsausschluss (Disclaimer) f\u00fcr NOS GmbH<\/a><\/li><\/ul><\/li><\/ul>\n\n\n\n<p>Trotz sorgf\u00e4ltiger inhaltlicher Kontrolle \u00fcbernehmen wir keine Haftung f\u00fcr die Inhalte externer Links. F\u00fcr den Inhalt der verlinkten Seiten sind ausschlie\u00dflich deren Betreiber verantwortlich.Alle hier verwendeten Namen, Begriffe, Zeichen und Grafiken k\u00f6nnen Marken- oder Warenzeichen im Besitze ihrer rechtlichen Eigent\u00fcmer sein. Die Rechte aller erw\u00e4hnten und benutzten Marken- und Warenzeichen liegen ausschlie\u00dflich bei deren Besitzern <\/p>\n","protected":false},"excerpt":{"rendered":"<p>Anbieterinformationen New Online Systems GmbHKoblenzer Str. 5953173 BonnDeutschland Tel:Fax:www:Mail: 0228\/ 9 23 90 240228\/ 9 23 90 28www.nos-net.deinfo@nos-net.de Rechtliche Angaben Vertretungsberechtigt: Martin Kalbfleisch (info(at)nos-net.de) Technische Angaben Technisch Verantwortlicher: Martin Kalbfleisch Umsatzsteuer-ID DE 187356670 Registergericht Amtsgericht Bonn Registernummer HRB 7592 Weitere Informationen Allgemeine Nutzungsbedingungen f\u00fcr NOS GmbH Erkl\u00e4rung zum Datenschutz f\u00fcr NOS GmbH Haftungsausschluss (Disclaimer) f\u00fcr &hellip; <\/p>\n<p class=\"link-more\"><a href=\"https:\/\/nos-net.de\/WordPress_01\/impressum\/\" class=\"more-link\"><span class=\"screen-reader-text\">\u201eImpressum\u201c<\/span> weiterlesen<\/a><\/p>\n","protected":false},"author":1,"featured_media":0,"parent":0,"menu_order":0,"comment_status":"closed","ping_status":"closed","template":"","meta":[],"_links":{"self":[{"href":"https:\/\/nos-net.de\/WordPress_01\/wp-json\/wp\/v2\/pages\/123"}],"collection":[{"href":"https:\/\/nos-net.de\/WordPress_01\/wp-json\/wp\/v2\/pages"}],"about":[{"href":"https:\/\/nos-net.de\/WordPress_01\/wp-json\/wp\/v2\/types\/page"}],"author":[{"embeddable":true,"href":"https:\/\/nos-net.de\/WordPress_01\/wp-json\/wp\/v2\/users\/1"}],"replies":[{"embeddable":true,"href":"https:\/\/nos-net.de\/WordPress_01\/wp-json\/wp\/v2\/comments?post=123"}],"version-history":[{"count":8,"href":"https:\/\/nos-net.de\/WordPress_01\/wp-json\/wp\/v2\/pages\/123\/revisions"}],"predecessor-version":[{"id":390,"href":"https:\/\/nos-net.de\/WordPress_01\/wp-json\/wp\/v2\/pages\/123\/revisions\/390"}],"wp:attachment":[{"href":"https:\/\/nos-net.de\/WordPress_01\/wp-json\/wp\/v2\/media?parent=123"}],"curies":[{"name":"wp","href":"https:\/\/api.w.org\/{rel}","templated":true}]}}