{"id":1209,"date":"2025-10-01T12:27:59","date_gmt":"2025-10-01T12:27:59","guid":{"rendered":"https:\/\/nos-net.de\/WordPress_01\/?page_id=1209"},"modified":"2025-10-06T14:16:57","modified_gmt":"2025-10-06T14:16:57","slug":"ean-ergaenzungsdaten-datanorm","status":"publish","type":"page","link":"https:\/\/nos-net.de\/WordPress_01\/ean-ergaenzungsdaten-datanorm\/","title":{"rendered":"EAN-Referenzdaten (Datanorm)"},"content":{"rendered":"\n<h4>Verschiedene Bestellnummern? Mit EAN kein Problem!<\/h4>\n\n\n\n<figure class=\"wp-block-image size-full is-style-default\"><img decoding=\"async\" loading=\"lazy\" width=\"930\" height=\"252\" src=\"https:\/\/nos-net.de\/WordPress_01\/wp-content\/uploads\/2025\/10\/Artikel-Preisvergleich.png\" alt=\"\" class=\"wp-image-1223\" srcset=\"https:\/\/nos-net.de\/WordPress_01\/wp-content\/uploads\/2025\/10\/Artikel-Preisvergleich.png 930w, https:\/\/nos-net.de\/WordPress_01\/wp-content\/uploads\/2025\/10\/Artikel-Preisvergleich-300x81.png 300w, https:\/\/nos-net.de\/WordPress_01\/wp-content\/uploads\/2025\/10\/Artikel-Preisvergleich-768x208.png 768w\" sizes=\"(max-width: 767px) 89vw, (max-width: 1000px) 54vw, (max-width: 1071px) 543px, 580px\" \/><\/figure>\n\n\n\n<ul>\n<li>Deine Lieferanten bieten <strong>dieselben Artikel <\/strong><\/li>\n\n\n\n<li>Jeder Lieferant benutzt aber <strong>seine eigene Bestellnummer<\/strong><\/li>\n\n\n\n<li>Du willst Artikel und Preise deiner <strong>Lieferanten vergleichen<\/strong><\/li>\n\n\n\n<li>In den Datanorm-Dateien fehlen aber <strong>wichtige Daten wie EAN und Werksnummer<\/strong><\/li>\n<\/ul>\n\n\n\n<p>Die NOS-Referenzdaten enthalten genau diese Daten und f\u00fcllen so die Informationsl\u00f6cher in deiner Datanorm. <\/p>\n\n\n\n<div class=\"wp-block-cover is-light has-parallax is-repeated\"><span aria-hidden=\"true\" class=\"wp-block-cover__background has-background-dim\"><\/span><div role=\"img\" class=\"wp-block-cover__image-background wp-image-1211 has-parallax is-repeated\" style=\"background-position:50% 50%;background-image:url(https:\/\/nos-net.de\/WordPress_01\/wp-content\/uploads\/2025\/10\/pumpe-mit-ean.png)\"><\/div><div class=\"wp-block-cover__inner-container\">\n<p class=\"has-text-align-center has-small-font-size\"><\/p>\n<\/div><\/div>\n\n\n\n<p>Mit Hilfe unserer Referenzdaten kannst du sp\u00e4ter Bestellungen, Preise oder Best\u00e4nde <strong>einheitlich vergleichen und zusammenf\u00fchren<\/strong>, ohne dass du durch die unterschiedlichen Lieferanten-Nummern durcheinanderkommst.<\/p>\n\n\n\n<p>In deiner kaufm\u00e4nnischen Software (Handwerkersoftware) k\u00f6nnen unsere Referenzdaten einfach \u00fcber die Datanorm-Schnittstelle eingelesen werden und Du kannst sofort mit dem Vergleich beginnen.<\/p>\n\n\n\n<p>Im Durchschnitt werden bei SHK-Betrieben 3.000 &#8211; 8.000 Artikel im Lager bevorratet. Der Vergleich von Lager-Material beim Einkauf ist ohne Referenz-Zuordnungen meist sehr aufw\u00e4ndig. Daher haben wir f\u00fcr die folgenden Hersteller die wesentlichen Lagermaterialien referenziert:<\/p>\n\n\n\n<ul class=\"nos-horizontal-list\">\n<li class=\"navbar-nav \">Viega<\/li>\n\n\n\n<li>Geberit<\/li>\n\n\n\n<li>Grohe<\/li>\n\n\n\n<li>Hansgrohe<\/li>\n\n\n\n<li>Ideal Standard<\/li>\n\n\n\n<li>Keramag<\/li>\n\n\n\n<li>Oventrop<\/li>\n\n\n\n<li>Wilo<\/li>\n\n\n\n<li>Grundfos<\/li>\n\n\n\n<li>Danfoss<\/li>\n\n\n\n<li>Reflex<\/li>\n\n\n\n<li>Heimeier<\/li>\n\n\n\n<li>HT-Programm<\/li>\n\n\n\n<li>Poloplast<\/li>\n\n\n\n<li>TECE<\/li>\n\n\n\n<li>Uponor<\/li>\n\n\n\n<li>SYR<\/li>\n<\/ul>\n\n\n\n<h4>Bestellschein<\/h4>\n\n\n\n<iframe loading=\"lazy\" width=\"100%\" height=\"1200px\" scrolling=\"nos\" frameborder=\"none\" src=\"https:\/\/www.nos-net.de\/shop\/bestellschein\/order.php\"><\/iframe>\n","protected":false},"excerpt":{"rendered":"<p>Verschiedene Bestellnummern? Mit EAN kein Problem! Die NOS-Referenzdaten enthalten genau diese Daten und f\u00fcllen so die Informationsl\u00f6cher in deiner Datanorm. Mit Hilfe unserer Referenzdaten kannst du sp\u00e4ter Bestellungen, Preise oder Best\u00e4nde einheitlich vergleichen und zusammenf\u00fchren, ohne dass du durch die unterschiedlichen Lieferanten-Nummern durcheinanderkommst. In deiner kaufm\u00e4nnischen Software (Handwerkersoftware) k\u00f6nnen unsere Referenzdaten einfach \u00fcber die Datanorm-Schnittstelle &hellip; <\/p>\n<p class=\"link-more\"><a href=\"https:\/\/nos-net.de\/WordPress_01\/ean-ergaenzungsdaten-datanorm\/\" class=\"more-link\"><span class=\"screen-reader-text\">\u201eEAN-Referenzdaten (Datanorm)\u201c<\/span> weiterlesen<\/a><\/p>\n","protected":false},"author":1,"featured_media":0,"parent":0,"menu_order":0,"comment_status":"closed","ping_status":"closed","template":"","meta":[],"_links":{"self":[{"href":"https:\/\/nos-net.de\/WordPress_01\/wp-json\/wp\/v2\/pages\/1209"}],"collection":[{"href":"https:\/\/nos-net.de\/WordPress_01\/wp-json\/wp\/v2\/pages"}],"about":[{"href":"https:\/\/nos-net.de\/WordPress_01\/wp-json\/wp\/v2\/types\/page"}],"author":[{"embeddable":true,"href":"https:\/\/nos-net.de\/WordPress_01\/wp-json\/wp\/v2\/users\/1"}],"replies":[{"embeddable":true,"href":"https:\/\/nos-net.de\/WordPress_01\/wp-json\/wp\/v2\/comments?post=1209"}],"version-history":[{"count":13,"href":"https:\/\/nos-net.de\/WordPress_01\/wp-json\/wp\/v2\/pages\/1209\/revisions"}],"predecessor-version":[{"id":1239,"href":"https:\/\/nos-net.de\/WordPress_01\/wp-json\/wp\/v2\/pages\/1209\/revisions\/1239"}],"wp:attachment":[{"href":"https:\/\/nos-net.de\/WordPress_01\/wp-json\/wp\/v2\/media?parent=1209"}],"curies":[{"name":"wp","href":"https:\/\/api.w.org\/{rel}","templated":true}]}}