{"id":114,"date":"2019-03-26T18:52:33","date_gmt":"2019-03-26T18:52:33","guid":{"rendered":"https:\/\/nos-net.de\/WordPress_01\/?page_id=114"},"modified":"2020-10-20T17:25:27","modified_gmt":"2020-10-20T17:25:27","slug":"vertriebspartner","status":"publish","type":"page","link":"https:\/\/nos-net.de\/WordPress_01\/vertriebspartner\/","title":{"rendered":"Vertriebspartner"},"content":{"rendered":"\n<p>Mit NOS Lager Light und NOS-Lagerfuchs ergibt sich eine hochwertige Lager- L\u00f6sung, die speziell auf die Belange in Ihrem Tagesgesch\u00e4ft ausgelegt ist. NOS Lager Light unterst\u00fctzt Sie nicht nur bei der Materialbestellung. Das Ger\u00e4t liest alle g\u00e4ngigen Barcode-Typen und ist somit auch f\u00fcr andere Einsatzgebiete nutzbar. Hierzu geh\u00f6ren insbesondere:  <\/p>\n\n\n\n<ul><li><strong>Inventur<\/strong><br><\/li><li><strong>Kommissionierung<\/strong><br><\/li><li><strong>Umlagerung<\/strong> (z.B. Haupt- auf Baustellenlager)<br><\/li><li>\u00dcbergabe an die <strong>Handwerker-Software<\/strong> <\/li><\/ul>\n\n\n\n<table class=\"wp-block-table\"><tbody><tr><td>\n<a href=\"https:\/\/nos-net.de\/WordPress_01\/?page_id=245\"><img decoding=\"async\" class=\"NOS_PartnerLogo\" src=\"https:\/\/www.nos-net.de\/joomla\/images\/Partner-Logos\/klarpris.png\"><\/a>\n<\/td><td>\n<a href=\"https:\/\/nos-net.de\/WordPress_01\/?page_id=219\"><img decoding=\"async\" class=\"NOS_PartnerLogo\" src=\"https:\/\/www.nos-net.de\/joomla\/images\/Partner-Logos\/Heinrich_Schmidt.jpg\"><\/a>\n<\/td><td>\n<a href=\"https:\/\/nos-net.de\/WordPress_01\/?page_id=228\"><img decoding=\"async\" class=\"NOS_PartnerLogo\" src=\"https:\/\/www.nos-net.de\/joomla\/images\/Partner-Logos\/EDV-Partner.gif\"><\/a>\n<\/td><\/tr>\n<tr><td>\n<a href=\"https:\/\/nos-net.de\/WordPress_01\/?page_id=194\"><img decoding=\"async\" class=\"NOS_PartnerLogo\" src=\"https:\/\/www.nos-net.de\/joomla\/images\/images\/Resized\/Logo_Richter_Frenzel-resized.jpg\"><\/a>\n<\/td><td>\n<a href=\"https:\/\/nos-net.de\/WordPress_01\/?page_id=235\"><img decoding=\"async\" class=\"NOS_PartnerLogo\" src=\"https:\/\/www.nos-net.de\/joomla\/images\/Partner-Logos\/Sonepar.png\"><\/a>\n<\/td><td>\n<a href=\"https:\/\/nos-net.de\/WordPress_01\/?page_id=242\"><img decoding=\"async\" class=\"NOS_PartnerLogo\" src=\"https:\/\/www.nos-net.de\/joomla\/images\/Partner-Logos\/Eugen_Koenig.jpg\"><\/a>\n<\/td><\/tr>\n<tr><td>\n\n<\/td><td>\n<a href=\"https:\/\/nos-net.de\/WordPress_01\/deinzer-weyland-gmbh\/\"><img decoding=\"async\" class=\"NOS_PartnerLogo\" src=\"https:\/\/www.nos-net.de\/joomla\/images\/Partner-Logos\/DeWeTech.jpg\"><\/a>\n<\/td><td>\n\n<\/td><\/tr>\n<\/tbody><\/table>\n","protected":false},"excerpt":{"rendered":"<p>Mit NOS Lager Light und NOS-Lagerfuchs ergibt sich eine hochwertige Lager- L\u00f6sung, die speziell auf die Belange in Ihrem Tagesgesch\u00e4ft ausgelegt ist. NOS Lager Light unterst\u00fctzt Sie nicht nur bei der Materialbestellung. Das Ger\u00e4t liest alle g\u00e4ngigen Barcode-Typen und ist somit auch f\u00fcr andere Einsatzgebiete nutzbar. Hierzu geh\u00f6ren insbesondere: Inventur Kommissionierung Umlagerung (z.B. Haupt- auf &hellip; <\/p>\n<p class=\"link-more\"><a href=\"https:\/\/nos-net.de\/WordPress_01\/vertriebspartner\/\" class=\"more-link\"><span class=\"screen-reader-text\">\u201eVertriebspartner\u201c<\/span> weiterlesen<\/a><\/p>\n","protected":false},"author":1,"featured_media":0,"parent":0,"menu_order":0,"comment_status":"closed","ping_status":"closed","template":"","meta":[],"_links":{"self":[{"href":"https:\/\/nos-net.de\/WordPress_01\/wp-json\/wp\/v2\/pages\/114"}],"collection":[{"href":"https:\/\/nos-net.de\/WordPress_01\/wp-json\/wp\/v2\/pages"}],"about":[{"href":"https:\/\/nos-net.de\/WordPress_01\/wp-json\/wp\/v2\/types\/page"}],"author":[{"embeddable":true,"href":"https:\/\/nos-net.de\/WordPress_01\/wp-json\/wp\/v2\/users\/1"}],"replies":[{"embeddable":true,"href":"https:\/\/nos-net.de\/WordPress_01\/wp-json\/wp\/v2\/comments?post=114"}],"version-history":[{"count":28,"href":"https:\/\/nos-net.de\/WordPress_01\/wp-json\/wp\/v2\/pages\/114\/revisions"}],"predecessor-version":[{"id":596,"href":"https:\/\/nos-net.de\/WordPress_01\/wp-json\/wp\/v2\/pages\/114\/revisions\/596"}],"wp:attachment":[{"href":"https:\/\/nos-net.de\/WordPress_01\/wp-json\/wp\/v2\/media?parent=114"}],"curies":[{"name":"wp","href":"https:\/\/api.w.org\/{rel}","templated":true}]}}