{"id":1060,"date":"2025-09-04T10:45:49","date_gmt":"2025-09-04T10:45:49","guid":{"rendered":"https:\/\/nos-net.de\/WordPress_01\/?page_id=1060"},"modified":"2025-09-04T12:41:45","modified_gmt":"2025-09-04T12:41:45","slug":"loesungen","status":"publish","type":"page","link":"https:\/\/nos-net.de\/WordPress_01\/","title":{"rendered":"Lagerl\u00f6sung"},"content":{"rendered":"\n<h1 id=\"optimieren\"><strong>Wir optimieren Deine t\u00e4glichen Aufgaben im Lager <\/strong><\/h1>\n\n\n\n<div class=\"wp-block-cover is-light has-parallax is-repeated has-custom-content-position is-position-top-left mein-cover has-small-font-size\" style=\"min-height:307px\" id=\"top\"><span aria-hidden=\"true\" class=\"wp-block-cover__background has-pale-cyan-blue-background-color has-background-dim-0 has-background-dim\"><\/span><div role=\"img\" class=\"wp-block-cover__image-background wp-image-1110 has-parallax is-repeated\" style=\"background-position:50% 50%;background-image:url(https:\/\/nos-net.de\/WordPress_01\/wp-content\/uploads\/2025\/08\/Fitting-Regal-komplett-mit-Barcodes.png)\"><\/div><div class=\"wp-block-cover__inner-container\">\n<p class=\"has-text-align-center has-white-color has-text-color has-large-font-size\"><\/p>\n<\/div><\/div>\n\n\n\n<p>Viele Handwerksbetriebe leben l\u00e4ngst in einem digitalen Umfeld. Prozesse werden mittels Handwerker-Software vereinfacht, Daten sind jederzeit und fast \u00fcberall verf\u00fcgbar, und die Kommunikation kennt kaum noch Grenzen. Doch die eigentliche Reise beginnt genau hier: im digitalen Jetzt.<\/p>\n\n\n\n<div class=\"is-layout-flex wp-container-3 wp-block-columns\">\n<div class=\"is-layout-flow wp-block-column\" style=\"flex-basis:33.33%\">\n<figure class=\"wp-block-image size-large is-resized is-style-default\"><img decoding=\"async\" loading=\"lazy\" src=\"https:\/\/nos-net.de\/WordPress_01\/wp-content\/uploads\/2025\/09\/Monteur-mit-Klembrett-683x1024.png\" alt=\"\" class=\"wp-image-1125\" width=\"171\" height=\"256\" srcset=\"https:\/\/nos-net.de\/WordPress_01\/wp-content\/uploads\/2025\/09\/Monteur-mit-Klembrett-683x1024.png 683w, https:\/\/nos-net.de\/WordPress_01\/wp-content\/uploads\/2025\/09\/Monteur-mit-Klembrett-200x300.png 200w, https:\/\/nos-net.de\/WordPress_01\/wp-content\/uploads\/2025\/09\/Monteur-mit-Klembrett-768x1152.png 768w, https:\/\/nos-net.de\/WordPress_01\/wp-content\/uploads\/2025\/09\/Monteur-mit-Klembrett.png 1024w\" sizes=\"(max-width: 171px) 100vw, 171px\" \/><\/figure>\n<\/div>\n\n\n\n<div class=\"is-layout-flow wp-block-column\" style=\"flex-basis:100%\">\n<h3><strong>Zettelwirtschaft raus<\/strong>&#8230;<\/h3>\n\n\n\n<p>Denn digital zu sein reicht nicht mehr aus. Immer noch arbeiten viele Handwerksbetriebe im Lager mit schriftlichen Materialaufnahme. Abgesehen von der Lesbarkeit dieser Notizen schleichen sich oft Schreibfehler ein, die zu Missverst\u00e4ndnissen und ggfs. zu Falschbestellungen f\u00fchren k\u00f6nnen deren R\u00fcckabwicklung aufw\u00e4ndig und teuer ist. <\/p>\n<\/div>\n<\/div>\n\n\n\n<div class=\"is-layout-flex wp-container-6 wp-block-columns\">\n<div class=\"is-layout-flow wp-block-column\" style=\"flex-basis:33.33%\">\n<figure class=\"wp-block-image size-large is-resized is-style-default\"><img decoding=\"async\" loading=\"lazy\" src=\"https:\/\/nos-net.de\/WordPress_01\/wp-content\/uploads\/2025\/08\/Installateur-mit-Barcode-683x1024.png\" alt=\"\" class=\"wp-image-1118\" width=\"171\" height=\"256\" srcset=\"https:\/\/nos-net.de\/WordPress_01\/wp-content\/uploads\/2025\/08\/Installateur-mit-Barcode-683x1024.png 683w, https:\/\/nos-net.de\/WordPress_01\/wp-content\/uploads\/2025\/08\/Installateur-mit-Barcode-200x300.png 200w, https:\/\/nos-net.de\/WordPress_01\/wp-content\/uploads\/2025\/08\/Installateur-mit-Barcode-768x1152.png 768w, https:\/\/nos-net.de\/WordPress_01\/wp-content\/uploads\/2025\/08\/Installateur-mit-Barcode.png 1024w\" sizes=\"(max-width: 171px) 100vw, 171px\" \/><\/figure>\n<\/div>\n\n\n\n<div class=\"is-layout-flow wp-block-column\" style=\"flex-basis:100%\">\n<h3><strong>Effizienz rein<\/strong><\/h3>\n\n\n\n<p>Es geht darum, mit den richtigen Werkzeugen noch effektiver zu werden \u2013 intelligenter, vernetzter, vorausschauender. Wo heute Informationen noch mit der Hand erfasst werden, k\u00f6nnten morgen schon leistungsf\u00e4hige Erfassungssysteme wie <strong>Lager Light<\/strong> eingesetzt werden.<\/p>\n<\/div>\n<\/div>\n\n\n\n<h3 id=\"lagerlight\"><strong>Lager-Light: Scannen. Steuern. Vereinfachen.<\/strong><\/h3>\n\n\n\n<p>Moderne Barcode-Leseger\u00e4te wie <strong>Lager Light<\/strong> sind der Schl\u00fcssel zum Erfolg: Sie ersetzen handschriftliche Aufzeichnungen durch digitale Informationen und schaffen Effizienz, indem sie Routinearbeit vereinfachen. Sie schaffen Transparenz, indem sie Daten fehlerfrei erkennen und er\u00f6ffnen neue M\u00f6glichkeiten, indem sie Freir\u00e4ume f\u00fcr wichtige Aufgaben schaffen.<\/p>\n\n\n\n<div class=\"wp-block-cover is-light has-parallax is-repeated\"><span aria-hidden=\"true\" class=\"wp-block-cover__background has-background-dim\"><\/span><div role=\"img\" class=\"wp-block-cover__image-background wp-image-1151 has-parallax is-repeated\" style=\"background-position:50% 50%;background-image:url(https:\/\/nos-net.de\/WordPress_01\/wp-content\/uploads\/2025\/09\/LagerLight.png)\"><\/div><div class=\"wp-block-cover__inner-container\">\n<p class=\"has-text-align-center has-white-color has-text-color has-large-font-size\">Mit <strong>Lager-Light<\/strong> in die<\/p>\n<\/div><\/div>\n\n\n\n<div class=\"wp-block-cover is-light has-parallax is-repeated mein-cover has-small-font-size\" style=\"min-height:350px\"><span aria-hidden=\"true\" class=\"wp-block-cover__background has-pale-cyan-blue-background-color has-background-dim-10 has-background-dim\"><\/span><div role=\"img\" class=\"wp-block-cover__image-background wp-image-1112 has-parallax is-repeated\" style=\"background-position:50% 50%;background-image:url(https:\/\/nos-net.de\/WordPress_01\/wp-content\/uploads\/2025\/08\/Digitalisierung.png)\"><\/div><div class=\"wp-block-cover__inner-container\">\n<p class=\"has-text-align-center has-white-color has-text-color has-large-font-size\">digitale Zukunft starten!<\/p>\n<\/div><\/div>\n\n\n\n<p><\/p>\n\n\n\n<h1 id=\"inventur\"><strong>Inventur<\/strong>:<br><strong>Einfach und effizient mit dem Spezialisten f\u00fcr Materialerfassung!<\/strong><\/h1>\n\n\n\n<p>Inventur ist l\u00e4stig und zeitaufwendig \u2013 das ist kein Geheimnis. Doch leider kommt kein Betrieb um die Inventur herum. Das liegt einerseits an den rechtlichen Rahmenbedingungen, auf der anderen, deutlich wichtigeren Seite, stehen aber versicherungstechnische Gr\u00fcnde. Denn wenn ein Ungl\u00fcck, wie ein Brand oder eine \u00dcberflutung, im Lager ausbricht und die Versicherung reine Sch\u00e4tzwerte \u00fcber den Wert des Lagerbestands erh\u00e4lt, kann das einen Betrieb schon einmal in den Ruin treiben.&nbsp;Egal wie m\u00fchsam und aufwendig die Inventur jedoch ist, mit dem Barcode-Scanner <strong>Lager Light<\/strong> wird sie zum Kinderspiel!&nbsp;Der Scanner erfasst schnell und fehlerfrei alle Strichcodes und Artikel und \u00fcbertr\u00e4gt die Informationen in die Handwerkersoftware.<\/p>\n\n\n\n<h1 id=\"bestellung\"><strong>Bestellungen<\/strong>:<br><strong>Zielgerichtet ohne gro\u00dfen Schnickschnack<\/strong><\/h1>\n\n\n\n<p>Nichts ist schlimmer als Monteure die beklagen, es g\u00e4be im Lager keine B\u00f6gen mehr. Dann hei\u00dft es: Leere Sch\u00fctten erfassen, Mengen festlegen und \u00fcber den bzw. die Online-Shops Material eintippen und bestellen. <\/p>\n\n\n\n<p>Mit <strong>Lager Light <\/strong>erledigt sich diese Aufgabe fast wie von selbst. Nachdem die Sch\u00fctten gescannt sind, werden die Bestellinformationen auf Wunsch direkt in die Online-Shops der Lieferanten-Partner \u00fcbertragen. Das l\u00e4stige Eintippen der Bestellnummern entf\u00e4llt. Tippfehler treten nicht mehr auf. Fehlbestellungen sind nahezu ausgeschlossen.  <\/p>\n\n\n\n<iframe loading=\"lazy\" src=\"https:\/\/www.nos-net.de\/slider\/logos\/deep-minified.html\" width=\"800px\" height=\"100px\" scrolling=\"no\" frameborder=\"yes\" style=\"visible;\"><\/iframe>\n\n\n\n<h1 id=\"nachkalkulation\"><strong>Material nachberechnen:<br>Bestellpositionen in Rechnungen umwandeln<\/strong><\/h1>\n\n\n\n<p>Wenn Material nachbestellt wurde hat das auch jemand verbraucht bzw. verbaut. Dann w\u00e4re es auch sinnvoll, das diese Kosten in Rechnungsbetr\u00e4ge umzuwandeln und an den Kunden weiter zu geben. Da <strong>Lager Light <\/strong>Bstellinformationen als Dateien zur Verf\u00fcgung stellt, ist die \u00dcbernahme in eine Rechnung auch kein Problem mehr.<\/p>\n\n\n\n<h1 id=\"smartphone\"><strong>Je besser das Werkzeug, desto leichter die Arbeit<\/strong><\/h1>\n\n\n\n<div class=\"is-layout-flex wp-container-9 wp-block-columns\">\n<div class=\"is-layout-flow wp-block-column\" style=\"flex-basis:33.33%\">\n<figure class=\"wp-block-image size-large is-style-default\"><img decoding=\"async\" loading=\"lazy\" width=\"1024\" height=\"1024\" src=\"https:\/\/nos-net.de\/WordPress_01\/wp-content\/uploads\/2025\/09\/OPL-vs-SmartPhone-1024x1024.png\" alt=\"\" class=\"wp-image-1147\" srcset=\"https:\/\/nos-net.de\/WordPress_01\/wp-content\/uploads\/2025\/09\/OPL-vs-SmartPhone.png 1024w, https:\/\/nos-net.de\/WordPress_01\/wp-content\/uploads\/2025\/09\/OPL-vs-SmartPhone-300x300.png 300w, https:\/\/nos-net.de\/WordPress_01\/wp-content\/uploads\/2025\/09\/OPL-vs-SmartPhone-150x150.png 150w, https:\/\/nos-net.de\/WordPress_01\/wp-content\/uploads\/2025\/09\/OPL-vs-SmartPhone-768x768.png 768w, https:\/\/nos-net.de\/WordPress_01\/wp-content\/uploads\/2025\/09\/OPL-vs-SmartPhone-100x100.png 100w\" sizes=\"(max-width: 767px) 89vw, (max-width: 1000px) 54vw, (max-width: 1071px) 543px, 580px\" \/><\/figure>\n<\/div>\n\n\n\n<div class=\"is-layout-flow wp-block-column\" style=\"flex-basis:100%\">\n<h3><strong><strong>Smartes Tool vs. SmartPhone<\/strong><\/strong><\/h3>\n\n\n\n<p>Wir werden oft gefragt, warum man \u00fcberhaupt noch Barcode-Leseger\u00e4te wie <strong>Lager Light <\/strong>einsetzen sollte, wo doch Smartphones die Aufgaben genauso gut erledigen k\u00f6nnten. Nun die Antwort ist einfach: Smartphones sind Zehnk\u00e4mpfer und keine Sprinter. Aber im einzelnen:<\/p>\n<\/div>\n<\/div>\n\n\n\n<ol>\n<li><strong>Spezialist vs. Allesk\u00f6nner<br><\/strong>Heute werden Smartphones mit vielerlei Grundfunktionen ausgestattet. Hierzu geh\u00f6ren Telefonie, Chats und Mails genau so wie GPS, Ma\u00dfband und Wasserwaage. Sie sind Allesk\u00f6nner wie Zehnk\u00e4mpfer, die vieles sehr gut k\u00f6nnen aber von Spezialisten wie 100-Meter L\u00e4ufern locker abh\u00e4ngt werden.    <\/li>\n\n\n\n<li><strong>Zuverl\u00e4ssig &amp; Pr\u00e4zise<\/strong><br><strong>Lager Light<\/strong> liest in Bruchteilen einer Sekunde auch bei schlechten Lichtverh\u00e4ltnissen sogar besch\u00e4digte oder verschmutzte Etiketten. Smartphones ben\u00f6tigen oft l\u00e4nger zum Erfassen und verarbeiten der Etiketten. Eine Wasserwaage ist auch deutlich genauer, als die Wasserwaagen-App im Smartphone.<\/li>\n\n\n\n<li> <strong>Robust &amp; Widerstandsf\u00e4hig<\/strong><br><strong>Lager Light<\/strong> ist IP-klassifiziert, also sto\u00dffest sowie staub- und spritzwassergesch\u00fctzt &#8211; also &#8222;rauhe Arbeitsumgebungen&#8220; gewohnt. SmartPhones dagegen bevorzugen saubere und gepflegte &#8222;B\u00fcrowelten&#8220;.<\/li>\n\n\n\n<li><strong>Schnell &amp; Belastbar<\/strong><br><strong>Lager Light<\/strong> ist f\u00fcr&nbsp;<strong>lange Schichten<\/strong>&nbsp;ausgelegt (mehrere Stunden Dauerbetrieb) und k\u00f6nnen z.B. w\u00e4hrend der Inventur bis zu 50.000 Artikel Scann-Vorg\u00e4nge ausf\u00fchren. Smartphones geht dabei schnell &#8222;die Puste aus&#8220;, da Dauerbetrieb und Materialerfassung viel Energie ben\u00f6tigen.<\/li>\n\n\n\n<li><strong>Flexibel &amp; Integrativ<\/strong><br><strong>Lager Light<\/strong> ist eine flexible L\u00f6sung, die in einem Scan-Durchgang Artikelnummern verschiedener Lieferanten erfassen kann ohne dass &#8211; wie bei Smartphones \u00fcblich &#8211; die Lieferanten-App gewechselt werden muss. Dar\u00fcber hinaus ist <strong>LagerLight<\/strong> auf einfache Weise in die meisten Handwerker-Software L\u00f6sungen integrierbar und als &#8222;Alles-aus-einer-Hand&#8220;-L\u00f6sung einsetzbar. <\/li>\n<\/ol>\n\n\n\n<div class=\"is-layout-flex wp-container-12 wp-block-columns\">\n<div class=\"is-layout-flow wp-block-column\" style=\"flex-basis:33.33%\">\n<figure class=\"wp-block-image size-large is-style-default\"><img decoding=\"async\" loading=\"lazy\" width=\"683\" height=\"1024\" src=\"https:\/\/nos-net.de\/WordPress_01\/wp-content\/uploads\/2025\/09\/Kundenstimmen-683x1024.png\" alt=\"\" class=\"wp-image-1164\" srcset=\"https:\/\/nos-net.de\/WordPress_01\/wp-content\/uploads\/2025\/09\/Kundenstimmen-683x1024.png 683w, https:\/\/nos-net.de\/WordPress_01\/wp-content\/uploads\/2025\/09\/Kundenstimmen-200x300.png 200w, https:\/\/nos-net.de\/WordPress_01\/wp-content\/uploads\/2025\/09\/Kundenstimmen-768x1152.png 768w, https:\/\/nos-net.de\/WordPress_01\/wp-content\/uploads\/2025\/09\/Kundenstimmen.png 1024w\" sizes=\"(max-width: 683px) 100vw, 683px\" \/><\/figure>\n<\/div>\n\n\n\n<div class=\"is-layout-flow wp-block-column\" style=\"flex-basis:100%\">\n<h3 id=\"meinungen\"><strong><strong>Referenzen<\/strong><\/strong><\/h3>\n\n\n\n<p>Nat\u00fcrlich sind wir \u00fcberzeugt von dem was wir tun. Der Pr\u00fcfstand einer L\u00f6sung findet sich aber in den Kunden, die unsere L\u00f6sungen einsetzen. Alle nachfolgenden Zitate stammen von Handwerksbetrieben mit einem eigenen Lager.<\/p>\n<\/div>\n<\/div>\n\n\n\n<blockquote class=\"wp-block-quote\">\n<p><\/p>\n<cite> <strong>T. Holzbecher, Herzogenaurach:&nbsp;<\/strong> <\/cite><\/blockquote>\n\n\n\n<blockquote class=\"wp-block-quote\">\n<p><em><strong>Lager Light<\/strong> hat bei uns die Insell\u00f6sungen z.B. f\u00fcr die Bestellung von Befestigungsmaterial und Rohr- bzw. Leitungsmaterial ersetzt.<\/em><br><em>Mit <strong>Lager Light<\/strong> haben wir jetzt eine einheitlich bedienbare L\u00f6sung f\u00fcr alle Lieferanten.<\/em> <\/p>\n<cite> <em>G. Christoph, Lupburg<\/em> <\/cite><\/blockquote>\n\n\n\n<blockquote class=\"wp-block-quote\">\n<p><em>Mit <strong>Lager Light<\/strong> verwenden wir EINE L\u00f6sung f\u00fcr ALLE Materialbewegungen.<\/em> <\/p>\n<cite>K. Pr\u00f6ls, Schl\u00fcsselfeld<\/cite><\/blockquote>\n\n\n\n<blockquote class=\"wp-block-quote\">\n<p><em><em><em>Benutzerfreundlichkeit und Kosteneinsparungen ist genau das, was wir wollten und das haben wir bekommen<\/em><\/em><\/em>.<\/p>\n<cite>A. Schuth, Koblenz<\/cite><\/blockquote>\n\n\n\n<p><em>Wir setzen <strong>Lager Light <\/strong>seit vielen Jahren erfolgreich ein. Das spricht glaube ich f\u00fcr sich<\/em>.<\/p>\n","protected":false},"excerpt":{"rendered":"<p>Wir optimieren Deine t\u00e4glichen Aufgaben im Lager Viele Handwerksbetriebe leben l\u00e4ngst in einem digitalen Umfeld. Prozesse werden mittels Handwerker-Software vereinfacht, Daten sind jederzeit und fast \u00fcberall verf\u00fcgbar, und die Kommunikation kennt kaum noch Grenzen. Doch die eigentliche Reise beginnt genau hier: im digitalen Jetzt. Zettelwirtschaft raus&#8230; Denn digital zu sein reicht nicht mehr aus. Immer &hellip; <\/p>\n<p class=\"link-more\"><a href=\"https:\/\/nos-net.de\/WordPress_01\/\" class=\"more-link\"><span class=\"screen-reader-text\">\u201eLagerl\u00f6sung\u201c<\/span> weiterlesen<\/a><\/p>\n","protected":false},"author":1,"featured_media":0,"parent":0,"menu_order":0,"comment_status":"closed","ping_status":"closed","template":"","meta":[],"_links":{"self":[{"href":"https:\/\/nos-net.de\/WordPress_01\/wp-json\/wp\/v2\/pages\/1060"}],"collection":[{"href":"https:\/\/nos-net.de\/WordPress_01\/wp-json\/wp\/v2\/pages"}],"about":[{"href":"https:\/\/nos-net.de\/WordPress_01\/wp-json\/wp\/v2\/types\/page"}],"author":[{"embeddable":true,"href":"https:\/\/nos-net.de\/WordPress_01\/wp-json\/wp\/v2\/users\/1"}],"replies":[{"embeddable":true,"href":"https:\/\/nos-net.de\/WordPress_01\/wp-json\/wp\/v2\/comments?post=1060"}],"version-history":[{"count":73,"href":"https:\/\/nos-net.de\/WordPress_01\/wp-json\/wp\/v2\/pages\/1060\/revisions"}],"predecessor-version":[{"id":1207,"href":"https:\/\/nos-net.de\/WordPress_01\/wp-json\/wp\/v2\/pages\/1060\/revisions\/1207"}],"wp:attachment":[{"href":"https:\/\/nos-net.de\/WordPress_01\/wp-json\/wp\/v2\/media?parent=1060"}],"curies":[{"name":"wp","href":"https:\/\/api.w.org\/{rel}","templated":true}]}}